{"id":3899,"date":"2020-01-27T08:15:05","date_gmt":"2020-01-27T08:15:05","guid":{"rendered":"https:\/\/demosites.io\/web-agency-gb\/?page_id=71"},"modified":"2022-06-22T19:00:03","modified_gmt":"2022-06-23T00:00:03","slug":"15c42-web-agency-gb-portfolio-single","status":"publish","type":"page","link":"https:\/\/egresadosmecanica.ufpso.edu.co\/?page_id=3899","title":{"rendered":"Bienestar Universitario"},"content":{"rendered":"\n<figure class=\"wp-block-image size-large is-resized\"><img loading=\"lazy\" decoding=\"async\" src=\"https:\/\/egresadosmecanica.ufpso.edu.co\/wp-content\/uploads\/2022\/06\/Portada-Bienestar_Mesa-de-trabajo-1-1-1024x205.jpg\" alt=\"\" class=\"wp-image-4401\" width=\"1169\" height=\"234\" srcset=\"https:\/\/egresadosmecanica.ufpso.edu.co\/wp-content\/uploads\/2022\/06\/Portada-Bienestar_Mesa-de-trabajo-1-1-1024x205.jpg 1024w, https:\/\/egresadosmecanica.ufpso.edu.co\/wp-content\/uploads\/2022\/06\/Portada-Bienestar_Mesa-de-trabajo-1-1-300x60.jpg 300w, https:\/\/egresadosmecanica.ufpso.edu.co\/wp-content\/uploads\/2022\/06\/Portada-Bienestar_Mesa-de-trabajo-1-1-768x153.jpg 768w, https:\/\/egresadosmecanica.ufpso.edu.co\/wp-content\/uploads\/2022\/06\/Portada-Bienestar_Mesa-de-trabajo-1-1-1536x307.jpg 1536w, https:\/\/egresadosmecanica.ufpso.edu.co\/wp-content\/uploads\/2022\/06\/Portada-Bienestar_Mesa-de-trabajo-1-1-2048x409.jpg 2048w\" sizes=\"auto, (max-width: 1169px) 100vw, 1169px\" \/><\/figure>\n\n\n\n<div class=\"wp-block-cover alignfull\" style=\"min-height:320px;aspect-ratio:unset;\"><span aria-hidden=\"true\" class=\"wp-block-cover__background has-nv-site-bg-background-color has-background-dim-100 has-background-dim\"><\/span><div class=\"wp-block-cover__inner-container is-layout-flow wp-block-cover-is-layout-flow\">\n<div class=\"wp-block-group\"><div class=\"wp-block-group__inner-container is-layout-flow wp-block-group-is-layout-flow\">\n<div class=\"wp-block-columns are-vertically-aligned-center is-layout-flex wp-container-core-columns-is-layout-1 wp-block-columns-is-layout-flex\">\n<div class=\"wp-block-column is-vertically-aligned-center is-layout-flow wp-block-column-is-layout-flow\" style=\"flex-basis:70%\">\n<h2 class=\"has-text-align-center has-text-align-left has-neve-text-color-color has-text-color wp-block-heading\">Servicios para egresados<\/h2>\n\n\n\n<p class=\"has-neve-text-color-color has-text-color\" style=\"font-size:22px\">Porque seguimos contribuyendo en la formaci\u00f3n integral de nuestros graduados tenemos estos beneficios para ti. <\/p>\n<\/div>\n\n\n\n<div class=\"wp-block-column is-vertically-aligned-center is-layout-flow wp-block-column-is-layout-flow\" style=\"flex-basis:30%\"><\/div>\n<\/div>\n<\/div><\/div>\n\n\n\n<div class=\"wp-block-group\"><div class=\"wp-block-group__inner-container is-layout-flow wp-block-group-is-layout-flow\">\n<div class=\"wp-block-columns is-layout-flex wp-container-core-columns-is-layout-2 wp-block-columns-is-layout-flex\">\n<div class=\"wp-block-column is-layout-flow wp-block-column-is-layout-flow\">\n<p class=\"has-text-align-center\"><img loading=\"lazy\" decoding=\"async\" width=\"200\" height=\"201\" class=\"wp-image-4216\" style=\"width: 200px;\" src=\"https:\/\/egresadosmecanica.ufpso.edu.co\/wp-content\/uploads\/2022\/06\/Iconos_5.png\" alt=\"\" srcset=\"https:\/\/egresadosmecanica.ufpso.edu.co\/wp-content\/uploads\/2022\/06\/Iconos_5.png 246w, https:\/\/egresadosmecanica.ufpso.edu.co\/wp-content\/uploads\/2022\/06\/Iconos_5-150x150.png 150w\" sizes=\"auto, (max-width: 200px) 100vw, 200px\" \/><\/p>\n\n\n\n<p class=\"has-text-align-center has-neve-link-color-color has-text-color\"><strong>SERVICIO M\u00c9DICO<\/strong><\/p>\n\n\n\n<p class=\"has-text-align-center has-neve-link-color-color has-text-color\">Puedes acceder a servicios de atenci\u00f3n primaria y telemedicina, solicita tu cita a trav\u00e9s del correo <a href=\"mailto:enfermeria@ufpso.edu.co\">enfermeria@ufpso.edu.co<\/a><\/p>\n<\/div>\n\n\n\n<div class=\"wp-block-column is-layout-flow wp-block-column-is-layout-flow\">\n<p class=\"has-text-align-center\"><img loading=\"lazy\" decoding=\"async\" width=\"200\" height=\"200\" class=\"wp-image-4225\" style=\"width: 200px;\" src=\"https:\/\/egresadosmecanica.ufpso.edu.co\/wp-content\/uploads\/2022\/06\/Iconos_3-1.png\" alt=\"\" srcset=\"https:\/\/egresadosmecanica.ufpso.edu.co\/wp-content\/uploads\/2022\/06\/Iconos_3-1.png 247w, https:\/\/egresadosmecanica.ufpso.edu.co\/wp-content\/uploads\/2022\/06\/Iconos_3-1-150x150.png 150w\" sizes=\"auto, (max-width: 200px) 100vw, 200px\" \/><\/p>\n\n\n\n<p class=\"has-text-align-center has-neve-link-color-color has-text-color\"><strong>PSICOLOG\u00cdA<\/strong><\/p>\n\n\n\n<p class=\"has-text-align-center has-neve-link-color-color has-text-color\">Acompa\u00f1amiento psicosocial y fortalecimiento de las competencias del egresado, solicita tu cita a trav\u00e9s del correo<br><a href=\"mailto:enfermeria@ufpso.edu.co\">enfermeria@ufpso.edu.co<\/a> \u00f3 en las instalaciones de Bienestar Universitario <\/p>\n<\/div>\n\n\n\n<div class=\"wp-block-column is-layout-flow wp-block-column-is-layout-flow\">\n<p class=\"has-text-align-center\"><img loading=\"lazy\" decoding=\"async\" width=\"200\" height=\"201\" class=\"wp-image-4213\" style=\"width: 200px;\" src=\"https:\/\/egresadosmecanica.ufpso.edu.co\/wp-content\/uploads\/2022\/06\/Iconos_2.png\" alt=\"\" srcset=\"https:\/\/egresadosmecanica.ufpso.edu.co\/wp-content\/uploads\/2022\/06\/Iconos_2.png 246w, https:\/\/egresadosmecanica.ufpso.edu.co\/wp-content\/uploads\/2022\/06\/Iconos_2-150x150.png 150w\" sizes=\"auto, (max-width: 200px) 100vw, 200px\" \/><\/p>\n\n\n\n<p class=\"has-text-align-center has-neve-link-color-color has-text-color\"><strong>SERVICIO ODONTOLOGICO<\/strong><\/p>\n\n\n\n<p class=\"has-text-align-center has-neve-link-color-color has-text-color\">Solicitud de citas a trav\u00e9s del correo<br><a href=\"mailto:enfermeria@ufpso.edu.co\">enfermeria@ufpso.edu.co<\/a><\/p>\n<\/div>\n<\/div>\n<\/div><\/div>\n\n\n\n<div class=\"wp-block-columns is-layout-flex wp-container-core-columns-is-layout-3 wp-block-columns-is-layout-flex\">\n<div class=\"wp-block-column is-layout-flow wp-block-column-is-layout-flow\">\n<p class=\"has-text-align-center\"><img loading=\"lazy\" decoding=\"async\" width=\"200\" height=\"201\" class=\"wp-image-4212\" style=\"width: 200px;\" src=\"https:\/\/egresadosmecanica.ufpso.edu.co\/wp-content\/uploads\/2022\/06\/Iconos_1.png\" alt=\"\" srcset=\"https:\/\/egresadosmecanica.ufpso.edu.co\/wp-content\/uploads\/2022\/06\/Iconos_1.png 246w, https:\/\/egresadosmecanica.ufpso.edu.co\/wp-content\/uploads\/2022\/06\/Iconos_1-150x150.png 150w\" sizes=\"auto, (max-width: 200px) 100vw, 200px\" \/><\/p>\n\n\n\n<p class=\"has-text-align-center has-neve-link-color-color has-text-color\"><strong>ENFERMER\u00cdA<\/strong><\/p>\n\n\n\n<p class=\"has-text-align-center has-neve-link-color-color has-text-color\">Solicitud de citas a trav\u00e9s del correo<br><a href=\"mailto:enfermeria@ufpso.edu.co\">enfermeria@ufpso.edu.co<\/a> \u00f3 en las instalaciones de Bienestar Universitario <\/p>\n<\/div>\n\n\n\n<div class=\"wp-block-column is-layout-flow wp-block-column-is-layout-flow\">\n<p class=\"has-text-align-center\"><img loading=\"lazy\" decoding=\"async\" width=\"200\" height=\"200\" class=\"wp-image-4215\" style=\"width: 200px;\" src=\"https:\/\/egresadosmecanica.ufpso.edu.co\/wp-content\/uploads\/2022\/06\/Iconos_4.png\" alt=\"\" srcset=\"https:\/\/egresadosmecanica.ufpso.edu.co\/wp-content\/uploads\/2022\/06\/Iconos_4.png 247w, https:\/\/egresadosmecanica.ufpso.edu.co\/wp-content\/uploads\/2022\/06\/Iconos_4-150x150.png 150w\" sizes=\"auto, (max-width: 200px) 100vw, 200px\" \/><\/p>\n\n\n\n<p class=\"has-text-align-center has-neve-link-color-color has-text-color\"><strong>ACCESO A GIMNASIO Y ESCENARIOS DEPORTIVOS <\/strong><\/p>\n\n\n\n<p class=\"has-text-align-center has-neve-link-color-color has-text-color\">Ac\u00e9rcate a las instalaciones de Bienestar Universitario y haz uso del compus deportivo seg\u00fan el horario disponible \u00f3 a trav\u00e9s de los correos <a href=\"mailto:bienestar@ufpso.edu.co\">bienestar@ufpso.edu.co<\/a> \u00f3 <a href=\"mailto:egresado@ufpso.edu.co\">egresado@ufpso.edu.co<\/a><\/p>\n<\/div>\n\n\n\n<div class=\"wp-block-column is-layout-flow wp-block-column-is-layout-flow\">\n<p class=\"has-text-align-center\"><img loading=\"lazy\" decoding=\"async\" width=\"200\" height=\"201\" class=\"wp-image-4217\" style=\"width: 200px;\" src=\"https:\/\/egresadosmecanica.ufpso.edu.co\/wp-content\/uploads\/2022\/06\/Iconos_6.png\" alt=\"\" srcset=\"https:\/\/egresadosmecanica.ufpso.edu.co\/wp-content\/uploads\/2022\/06\/Iconos_6.png 246w, https:\/\/egresadosmecanica.ufpso.edu.co\/wp-content\/uploads\/2022\/06\/Iconos_6-150x150.png 150w\" sizes=\"auto, (max-width: 200px) 100vw, 200px\" \/><\/p>\n\n\n\n<p class=\"has-text-align-center has-neve-link-color-color has-text-color\"><strong>SIA EGRESADO E INTERMEDIACI\u00d3N LABORAL <\/strong><\/p>\n\n\n\n<p class=\"has-text-align-center has-neve-link-color-color has-text-color\">Apoyo en la actualizaci\u00f3n de datos en el SIA EGRESADO y servicio de intermediaci\u00f3n laboral, solic\u00edtalo al correo<br><a href=\"mailto:egresado@ufpso.edu.co\">egresado@ufpso.edu.co<\/a><\/p>\n<\/div>\n<\/div>\n<\/div><\/div>\n\n\n\n<div class=\"wp-block-cover alignfull\" style=\"min-height:300px;aspect-ratio:unset;\"><span aria-hidden=\"true\" class=\"wp-block-cover__background has-nv-dark-bg-background-color has-background-dim-100 has-background-dim\"><\/span><div class=\"wp-block-cover__inner-container is-layout-flow wp-block-cover-is-layout-flow\">\n<h2 class=\"has-text-align-center has-nv-text-dark-bg-color has-text-color wp-block-heading\">Sigues siendo parte de nuestra historia <\/h2>\n\n\n\n<p class=\"has-text-align-center has-medium-font-size\">Por eso estamos comprometidos contigo.<\/p>\n\n\n\n<div class=\"wp-block-buttons is-horizontal is-content-justification-center is-layout-flex wp-container-core-buttons-is-layout-1 wp-block-buttons-is-layout-flex\">\n<div class=\"wp-block-button is-style-primary\"><a class=\"wp-block-button__link has-nv-site-bg-color has-text-color has-background\" href=\"https:\/\/egresadosmecanica.ufpso.edu.co\/\" style=\"background-color:#d41224\">Inicio<\/a><\/div>\n<\/div>\n<\/div><\/div>\n\n\n\n<p><\/p>\n","protected":false},"excerpt":{"rendered":"","protected":false},"author":1,"featured_media":4401,"parent":0,"menu_order":0,"comment_status":"closed","ping_status":"closed","template":"","meta":{"neve_meta_sidebar":"default","neve_meta_container":"","neve_meta_enable_content_width":"on","neve_meta_content_width":100,"neve_meta_title_alignment":"","neve_meta_author_avatar":"","neve_post_elements_order":"","neve_meta_disable_header":"","neve_meta_disable_footer":"","neve_meta_disable_title":"on","footnotes":""},"class_list":["post-3899","page","type-page","status-publish","has-post-thumbnail","hentry"],"_links":{"self":[{"href":"https:\/\/egresadosmecanica.ufpso.edu.co\/index.php?rest_route=\/wp\/v2\/pages\/3899","targetHints":{"allow":["GET"]}}],"collection":[{"href":"https:\/\/egresadosmecanica.ufpso.edu.co\/index.php?rest_route=\/wp\/v2\/pages"}],"about":[{"href":"https:\/\/egresadosmecanica.ufpso.edu.co\/index.php?rest_route=\/wp\/v2\/types\/page"}],"author":[{"embeddable":true,"href":"https:\/\/egresadosmecanica.ufpso.edu.co\/index.php?rest_route=\/wp\/v2\/users\/1"}],"replies":[{"embeddable":true,"href":"https:\/\/egresadosmecanica.ufpso.edu.co\/index.php?rest_route=%2Fwp%2Fv2%2Fcomments&post=3899"}],"version-history":[{"count":68,"href":"https:\/\/egresadosmecanica.ufpso.edu.co\/index.php?rest_route=\/wp\/v2\/pages\/3899\/revisions"}],"predecessor-version":[{"id":4576,"href":"https:\/\/egresadosmecanica.ufpso.edu.co\/index.php?rest_route=\/wp\/v2\/pages\/3899\/revisions\/4576"}],"wp:featuredmedia":[{"embeddable":true,"href":"https:\/\/egresadosmecanica.ufpso.edu.co\/index.php?rest_route=\/wp\/v2\/media\/4401"}],"wp:attachment":[{"href":"https:\/\/egresadosmecanica.ufpso.edu.co\/index.php?rest_route=%2Fwp%2Fv2%2Fmedia&parent=3899"}],"curies":[{"name":"wp","href":"https:\/\/api.w.org\/{rel}","templated":true}]}}